{"id":1154,"date":"2022-07-06T14:26:14","date_gmt":"2022-07-06T14:26:14","guid":{"rendered":"http:\/\/vogtknives.com\/?page_id=1154"},"modified":"2022-07-29T10:57:27","modified_gmt":"2022-07-29T10:57:27","slug":"cajas","status":"publish","type":"page","link":"http:\/\/vogtknives.com\/en\/cajas\/","title":{"rendered":"Boxes"},"content":{"rendered":"<p>The presentation boxes are handmade by me from a block of solid hardwood.<\/p>\n\n\n\n<p>The interior is velvet and the fittings are bronze with patina. The latch is of my own design, handmade.<\/p>\n\n\n\n<figure class=\"wp-block-embed is-type-video is-provider-youtube wp-block-embed-youtube wp-embed-aspect-16-9 wp-has-aspect-ratio\"><div class=\"wp-block-embed__wrapper\">\n<div class=\"zak-oembed-container\"><iframe title=\"cajas varias\" width=\"812\" height=\"457\" src=\"https:\/\/www.youtube.com\/embed\/w8HEDZHbZ2Q?feature=oembed\" frameborder=\"0\" allow=\"accelerometer; autoplay; clipboard-write; encrypted-media; gyroscope; picture-in-picture\" allowfullscreen><\/iframe><\/div>\n<\/div><\/figure>\n\n\n\n<figure class=\"wp-block-embed is-type-video is-provider-youtube wp-block-embed-youtube wp-embed-aspect-16-9 wp-has-aspect-ratio\"><div class=\"wp-block-embed__wrapper\">\n<div class=\"zak-oembed-container\"><iframe title=\"2019 03 02\" width=\"812\" height=\"457\" src=\"https:\/\/www.youtube.com\/embed\/CVPL7f5Bf2w?feature=oembed\" frameborder=\"0\" allow=\"accelerometer; autoplay; clipboard-write; encrypted-media; gyroscope; picture-in-picture\" allowfullscreen><\/iframe><\/div>\n<\/div><\/figure>","protected":false},"excerpt":{"rendered":"<p>Las cajas de presentaci\u00f3n est\u00e1n hechas a mano por m\u00ed , partiendo de un bloque de madera dura maciza. El interior es de terciopelo y los herrajes son de bronce con p\u00e1tina. El cerrojo es de mi propio dise\u00f1o, hecho a mano.<\/p>","protected":false},"author":2,"featured_media":0,"parent":0,"menu_order":0,"comment_status":"closed","ping_status":"closed","template":"","meta":{"zakra_page_container_layout":"contained","zakra_page_sidebar_layout":"no_sidebar","zakra_remove_content_margin":false,"zakra_sidebar":"customizer","zakra_transparent_header":"customizer","zakra_logo":0,"zakra_main_header_style":"default","zakra_menu_item_color":"","zakra_menu_item_hover_color":"","zakra_menu_item_active_color":"","zakra_menu_active_style":"","zakra_page_header":true,"footnotes":""},"class_list":["post-1154","page","type-page","status-publish","hentry"],"yoast_head":"<!-- This site is optimized with the Yoast SEO plugin v27.5 - https:\/\/yoast.com\/product\/yoast-seo-wordpress\/ -->\n<title>Cajas - Vogt Knives<\/title>\n<meta name=\"robots\" content=\"index, follow, max-snippet:-1, max-image-preview:large, max-video-preview:-1\" \/>\n<link rel=\"canonical\" href=\"http:\/\/vogtknives.com\/en\/cajas\/\" \/>\n<meta property=\"og:locale\" content=\"en_US\" \/>\n<meta property=\"og:type\" content=\"article\" \/>\n<meta property=\"og:title\" content=\"Cajas - Vogt Knives\" \/>\n<meta property=\"og:description\" content=\"Las cajas de presentaci\u00f3n est\u00e1n hechas a mano por m\u00ed , partiendo de un bloque de madera dura maciza. El interior es de terciopelo y los herrajes son de bronce con p\u00e1tina. El cerrojo es de mi propio dise\u00f1o, hecho a mano.\" \/>\n<meta property=\"og:url\" content=\"http:\/\/vogtknives.com\/en\/cajas\/\" \/>\n<meta property=\"og:site_name\" content=\"Vogt Knives\" \/>\n<meta property=\"article:publisher\" content=\"https:\/\/www.facebook.com\/profile.php?id=100006143943648\" \/>\n<meta property=\"article:modified_time\" content=\"2022-07-29T10:57:27+00:00\" \/>\n<meta property=\"og:image\" content=\"http:\/\/vogtknives.com\/wp-content\/uploads\/2022\/06\/logo-vogt.png\" \/>\n\t<meta property=\"og:image:width\" content=\"250\" \/>\n\t<meta property=\"og:image:height\" content=\"91\" \/>\n\t<meta property=\"og:image:type\" content=\"image\/png\" \/>\n<meta name=\"twitter:card\" content=\"summary_large_image\" \/>\n<script type=\"application\/ld+json\" class=\"yoast-schema-graph\">{\"@context\":\"https:\\\/\\\/schema.org\",\"@graph\":[{\"@type\":\"WebPage\",\"@id\":\"http:\\\/\\\/vogtknives.com\\\/en\\\/cajas\\\/\",\"url\":\"http:\\\/\\\/vogtknives.com\\\/en\\\/cajas\\\/\",\"name\":\"Cajas - Vogt Knives\",\"isPartOf\":{\"@id\":\"http:\\\/\\\/vogtknives.com\\\/#website\"},\"datePublished\":\"2022-07-06T14:26:14+00:00\",\"dateModified\":\"2022-07-29T10:57:27+00:00\",\"breadcrumb\":{\"@id\":\"http:\\\/\\\/vogtknives.com\\\/en\\\/cajas\\\/#breadcrumb\"},\"inLanguage\":\"en-US\",\"potentialAction\":[{\"@type\":\"ReadAction\",\"target\":[\"http:\\\/\\\/vogtknives.com\\\/en\\\/cajas\\\/\"]}]},{\"@type\":\"BreadcrumbList\",\"@id\":\"http:\\\/\\\/vogtknives.com\\\/en\\\/cajas\\\/#breadcrumb\",\"itemListElement\":[{\"@type\":\"ListItem\",\"position\":1,\"name\":\"Portada\",\"item\":\"http:\\\/\\\/vogtknives.com\\\/\"},{\"@type\":\"ListItem\",\"position\":2,\"name\":\"Cajas\"}]},{\"@type\":\"WebSite\",\"@id\":\"http:\\\/\\\/vogtknives.com\\\/#website\",\"url\":\"http:\\\/\\\/vogtknives.com\\\/\",\"name\":\"Vogt Knives\",\"description\":\"Custom Knives\",\"publisher\":{\"@id\":\"http:\\\/\\\/vogtknives.com\\\/#organization\"},\"potentialAction\":[{\"@type\":\"SearchAction\",\"target\":{\"@type\":\"EntryPoint\",\"urlTemplate\":\"http:\\\/\\\/vogtknives.com\\\/?s={search_term_string}\"},\"query-input\":{\"@type\":\"PropertyValueSpecification\",\"valueRequired\":true,\"valueName\":\"search_term_string\"}}],\"inLanguage\":\"en-US\"},{\"@type\":\"Organization\",\"@id\":\"http:\\\/\\\/vogtknives.com\\\/#organization\",\"name\":\"Vogt Knives\",\"url\":\"http:\\\/\\\/vogtknives.com\\\/\",\"logo\":{\"@type\":\"ImageObject\",\"inLanguage\":\"en-US\",\"@id\":\"http:\\\/\\\/vogtknives.com\\\/#\\\/schema\\\/logo\\\/image\\\/\",\"url\":\"http:\\\/\\\/vogtknives.com\\\/wp-content\\\/uploads\\\/2022\\\/06\\\/logo-vogt.png\",\"contentUrl\":\"http:\\\/\\\/vogtknives.com\\\/wp-content\\\/uploads\\\/2022\\\/06\\\/logo-vogt.png\",\"width\":250,\"height\":91,\"caption\":\"Vogt Knives\"},\"image\":{\"@id\":\"http:\\\/\\\/vogtknives.com\\\/#\\\/schema\\\/logo\\\/image\\\/\"},\"sameAs\":[\"https:\\\/\\\/www.facebook.com\\\/profile.php?id=100006143943648\"]}]}<\/script>\n<!-- \/ Yoast SEO plugin. -->","yoast_head_json":{"title":"Cajas - Vogt Knives","robots":{"index":"index","follow":"follow","max-snippet":"max-snippet:-1","max-image-preview":"max-image-preview:large","max-video-preview":"max-video-preview:-1"},"canonical":"http:\/\/vogtknives.com\/en\/cajas\/","og_locale":"en_US","og_type":"article","og_title":"Cajas - Vogt Knives","og_description":"Las cajas de presentaci\u00f3n est\u00e1n hechas a mano por m\u00ed , partiendo de un bloque de madera dura maciza. El interior es de terciopelo y los herrajes son de bronce con p\u00e1tina. El cerrojo es de mi propio dise\u00f1o, hecho a mano.","og_url":"http:\/\/vogtknives.com\/en\/cajas\/","og_site_name":"Vogt Knives","article_publisher":"https:\/\/www.facebook.com\/profile.php?id=100006143943648","article_modified_time":"2022-07-29T10:57:27+00:00","og_image":[{"width":250,"height":91,"url":"http:\/\/vogtknives.com\/wp-content\/uploads\/2022\/06\/logo-vogt.png","type":"image\/png"}],"twitter_card":"summary_large_image","schema":{"@context":"https:\/\/schema.org","@graph":[{"@type":"WebPage","@id":"http:\/\/vogtknives.com\/en\/cajas\/","url":"http:\/\/vogtknives.com\/en\/cajas\/","name":"Cajas - Vogt Knives","isPartOf":{"@id":"http:\/\/vogtknives.com\/#website"},"datePublished":"2022-07-06T14:26:14+00:00","dateModified":"2022-07-29T10:57:27+00:00","breadcrumb":{"@id":"http:\/\/vogtknives.com\/en\/cajas\/#breadcrumb"},"inLanguage":"en-US","potentialAction":[{"@type":"ReadAction","target":["http:\/\/vogtknives.com\/en\/cajas\/"]}]},{"@type":"BreadcrumbList","@id":"http:\/\/vogtknives.com\/en\/cajas\/#breadcrumb","itemListElement":[{"@type":"ListItem","position":1,"name":"Portada","item":"http:\/\/vogtknives.com\/"},{"@type":"ListItem","position":2,"name":"Cajas"}]},{"@type":"WebSite","@id":"http:\/\/vogtknives.com\/#website","url":"http:\/\/vogtknives.com\/","name":"Vogt Knives","description":"Custom Knives","publisher":{"@id":"http:\/\/vogtknives.com\/#organization"},"potentialAction":[{"@type":"SearchAction","target":{"@type":"EntryPoint","urlTemplate":"http:\/\/vogtknives.com\/?s={search_term_string}"},"query-input":{"@type":"PropertyValueSpecification","valueRequired":true,"valueName":"search_term_string"}}],"inLanguage":"en-US"},{"@type":"Organization","@id":"http:\/\/vogtknives.com\/#organization","name":"Vogt Knives","url":"http:\/\/vogtknives.com\/","logo":{"@type":"ImageObject","inLanguage":"en-US","@id":"http:\/\/vogtknives.com\/#\/schema\/logo\/image\/","url":"http:\/\/vogtknives.com\/wp-content\/uploads\/2022\/06\/logo-vogt.png","contentUrl":"http:\/\/vogtknives.com\/wp-content\/uploads\/2022\/06\/logo-vogt.png","width":250,"height":91,"caption":"Vogt Knives"},"image":{"@id":"http:\/\/vogtknives.com\/#\/schema\/logo\/image\/"},"sameAs":["https:\/\/www.facebook.com\/profile.php?id=100006143943648"]}]}},"_links":{"self":[{"href":"http:\/\/vogtknives.com\/en\/wp-json\/wp\/v2\/pages\/1154","targetHints":{"allow":["GET"]}}],"collection":[{"href":"http:\/\/vogtknives.com\/en\/wp-json\/wp\/v2\/pages"}],"about":[{"href":"http:\/\/vogtknives.com\/en\/wp-json\/wp\/v2\/types\/page"}],"author":[{"embeddable":true,"href":"http:\/\/vogtknives.com\/en\/wp-json\/wp\/v2\/users\/2"}],"replies":[{"embeddable":true,"href":"http:\/\/vogtknives.com\/en\/wp-json\/wp\/v2\/comments?post=1154"}],"version-history":[{"count":2,"href":"http:\/\/vogtknives.com\/en\/wp-json\/wp\/v2\/pages\/1154\/revisions"}],"predecessor-version":[{"id":1720,"href":"http:\/\/vogtknives.com\/en\/wp-json\/wp\/v2\/pages\/1154\/revisions\/1720"}],"wp:attachment":[{"href":"http:\/\/vogtknives.com\/en\/wp-json\/wp\/v2\/media?parent=1154"}],"curies":[{"name":"wp","href":"https:\/\/api.w.org\/{rel}","templated":true}]}}