{"id":1040,"date":"2022-06-28T12:56:41","date_gmt":"2022-06-28T12:56:41","guid":{"rendered":"http:\/\/vogtknives.com\/?page_id=1040"},"modified":"2022-06-28T13:33:20","modified_gmt":"2022-06-28T13:33:20","slug":"contacto","status":"publish","type":"page","link":"http:\/\/vogtknives.com\/en\/contacto\/","title":{"rendered":"Contact"},"content":{"rendered":"\t\t<div data-elementor-type=\"wp-page\" data-elementor-id=\"1040\" class=\"elementor elementor-1040\">\n\t\t\t\t\t\t<section class=\"elementor-section elementor-top-section elementor-element elementor-element-5282a243 elementor-section-boxed elementor-section-height-default elementor-section-height-default\" data-id=\"5282a243\" data-element_type=\"section\" data-e-type=\"section\">\n\t\t\t\t\t\t<div class=\"elementor-container elementor-column-gap-default\">\n\t\t\t\t\t<div class=\"elementor-column elementor-col-100 elementor-top-column elementor-element elementor-element-87fe233\" data-id=\"87fe233\" data-element_type=\"column\" data-e-type=\"column\">\n\t\t\t<div class=\"elementor-widget-wrap elementor-element-populated\">\n\t\t\t\t\t\t<div class=\"elementor-element elementor-element-76e3ce2 elementor-widget elementor-widget-text-editor\" data-id=\"76e3ce2\" data-element_type=\"widget\" data-e-type=\"widget\" data-widget_type=\"text-editor.default\">\n\t\t\t\t<div class=\"elementor-widget-container\">\n\t\t\t\t\t\t\t\t\t\n<p>Por el momento, debido al volumen de trabajo, la lista de pedidos est\u00e1 cerrada.<br \/><strong>Por cualquier consulta o comentario, por favor comun\u00edquese a trav\u00e9s del formulario:<\/strong><\/p>\n\t\t\t\t\t\t\t\t<\/div>\n\t\t\t\t<\/div>\n\t\t\t\t\t<\/div>\n\t\t<\/div>\n\t\t\t\t\t<\/div>\n\t\t<\/section>\n\t\t\t\t<section class=\"elementor-section elementor-top-section elementor-element elementor-element-3adfaa0 elementor-section-boxed elementor-section-height-default elementor-section-height-default\" data-id=\"3adfaa0\" data-element_type=\"section\" data-e-type=\"section\">\n\t\t\t\t\t\t<div class=\"elementor-container elementor-column-gap-default\">\n\t\t\t\t\t<div class=\"elementor-column elementor-col-50 elementor-top-column elementor-element elementor-element-0abf560\" data-id=\"0abf560\" data-element_type=\"column\" data-e-type=\"column\">\n\t\t\t<div class=\"elementor-widget-wrap elementor-element-populated\">\n\t\t\t\t\t\t<div class=\"elementor-element elementor-element-4cf9287 elementor-view-default elementor-widget elementor-widget-icon\" data-id=\"4cf9287\" data-element_type=\"widget\" data-e-type=\"widget\" data-widget_type=\"icon.default\">\n\t\t\t\t<div class=\"elementor-widget-container\">\n\t\t\t\t\t\t\t<div class=\"elementor-icon-wrapper\">\n\t\t\t<div class=\"elementor-icon\">\n\t\t\t<i aria-hidden=\"true\" class=\"fas fa-mail-bulk\"><\/i>\t\t\t<\/div>\n\t\t<\/div>\n\t\t\t\t\t\t<\/div>\n\t\t\t\t<\/div>\n\t\t\t\t<div class=\"elementor-element elementor-element-19693e2 elementor-align-left elementor-widget elementor-widget-button\" data-id=\"19693e2\" data-element_type=\"widget\" data-e-type=\"widget\" data-widget_type=\"button.default\">\n\t\t\t\t<div class=\"elementor-widget-container\">\n\t\t\t\t\t\t\t\t\t<div class=\"elementor-button-wrapper\">\n\t\t\t\t\t<a class=\"elementor-button elementor-button-link elementor-size-sm\" href=\"mailto:javi_lp@hotmail.com\">\n\t\t\t\t\t\t<span class=\"elementor-button-content-wrapper\">\n\t\t\t\t\t\t\t\t\t<span class=\"elementor-button-text\">javi_lp@hotmail.com<\/span>\n\t\t\t\t\t<\/span>\n\t\t\t\t\t<\/a>\n\t\t\t\t<\/div>\n\t\t\t\t\t\t\t\t<\/div>\n\t\t\t\t<\/div>\n\t\t\t\t<div class=\"elementor-element elementor-element-368481c e-grid-align-left elementor-shape-rounded elementor-grid-0 elementor-widget elementor-widget-social-icons\" data-id=\"368481c\" data-element_type=\"widget\" data-e-type=\"widget\" data-widget_type=\"social-icons.default\">\n\t\t\t\t<div class=\"elementor-widget-container\">\n\t\t\t\t\t\t\t<div class=\"elementor-social-icons-wrapper elementor-grid\" role=\"list\">\n\t\t\t\t\t\t\t<span class=\"elementor-grid-item\" role=\"listitem\">\n\t\t\t\t\t<a class=\"elementor-icon elementor-social-icon elementor-social-icon-facebook elementor-repeater-item-ed0f51b\" href=\"https:\/\/www.facebook.com\/profile.php?id=100006143943648\" target=\"_blank\">\n\t\t\t\t\t\t<span class=\"elementor-screen-only\">Facebook<\/span>\n\t\t\t\t\t\t<i aria-hidden=\"true\" class=\"fab fa-facebook\"><\/i>\t\t\t\t\t<\/a>\n\t\t\t\t<\/span>\n\t\t\t\t\t\t\t<span class=\"elementor-grid-item\" role=\"listitem\">\n\t\t\t\t\t<a class=\"elementor-icon elementor-social-icon elementor-social-icon-instagram elementor-repeater-item-5b56598\" href=\"https:\/\/instagram.com\/javiervogt\/\" target=\"_blank\">\n\t\t\t\t\t\t<span class=\"elementor-screen-only\">Instagram<\/span>\n\t\t\t\t\t\t<i aria-hidden=\"true\" class=\"fab fa-instagram\"><\/i>\t\t\t\t\t<\/a>\n\t\t\t\t<\/span>\n\t\t\t\t\t<\/div>\n\t\t\t\t\t\t<\/div>\n\t\t\t\t<\/div>\n\t\t\t\t\t<\/div>\n\t\t<\/div>\n\t\t\t\t<div class=\"elementor-column elementor-col-50 elementor-top-column elementor-element elementor-element-800dbf6\" data-id=\"800dbf6\" data-element_type=\"column\" data-e-type=\"column\">\n\t\t\t<div class=\"elementor-widget-wrap elementor-element-populated\">\n\t\t\t\t\t\t<div class=\"elementor-element elementor-element-ff97a6d elementor-widget elementor-widget-wpforms\" data-id=\"ff97a6d\" data-element_type=\"widget\" data-e-type=\"widget\" data-widget_type=\"wpforms.default\">\n\t\t\t\t<div class=\"elementor-widget-container\">\n\t\t\t\t\t<div class=\"wpforms-container wpforms-container-full\" id=\"wpforms-1045\"><form id=\"wpforms-form-1045\" class=\"wpforms-validate wpforms-form wpforms-ajax-form\" data-formid=\"1045\" method=\"post\" enctype=\"multipart\/form-data\" action=\"\/en\/wp-json\/wp\/v2\/pages\/1040\" data-token=\"f36d6d6d5659811bdff9e0258353123c\" data-token-time=\"1777585204\"><noscript class=\"wpforms-error-noscript\">Please enable JavaScript in your browser to complete this form.<\/noscript><div class=\"wpforms-field-container\"><div id=\"wpforms-1045-field_0-container\" class=\"wpforms-field wpforms-field-name\" data-field-id=\"0\"><label class=\"wpforms-field-label\" for=\"wpforms-1045-field_0\">Nombre y Apellido <span class=\"wpforms-required-label\">*<\/span><\/label><input type=\"text\" id=\"wpforms-1045-field_0\" class=\"wpforms-field-medium wpforms-field-required\" name=\"wpforms[fields][0]\" required><\/div><div id=\"wpforms-1045-field_1-container\" class=\"wpforms-field wpforms-field-email\" data-field-id=\"1\"><label class=\"wpforms-field-label\" for=\"wpforms-1045-field_1\">Email <span class=\"wpforms-required-label\">*<\/span><\/label><input type=\"email\" id=\"wpforms-1045-field_1\" class=\"wpforms-field-medium wpforms-field-required\" name=\"wpforms[fields][1]\" spellcheck=\"false\" required><\/div><div id=\"wpforms-1045-field_3-container\" class=\"wpforms-field wpforms-field-text\" data-field-id=\"3\"><label class=\"wpforms-field-label\" for=\"wpforms-1045-field_3\">Tel\u00e9fono <span class=\"wpforms-required-label\">*<\/span><\/label><input type=\"text\" id=\"wpforms-1045-field_3\" class=\"wpforms-field-medium wpforms-field-required\" name=\"wpforms[fields][3]\" required><\/div><div id=\"wpforms-1045-field_2-container\" class=\"wpforms-field wpforms-field-textarea\" data-field-id=\"2\"><label class=\"wpforms-field-label\" for=\"wpforms-1045-field_2\">Comentario o Mensaje <span class=\"wpforms-required-label\">*<\/span><\/label><textarea id=\"wpforms-1045-field_2\" class=\"wpforms-field-medium wpforms-field-required\" name=\"wpforms[fields][2]\" required><\/textarea><\/div><\/div><!-- .wpforms-field-container --><div class=\"wpforms-recaptcha-container wpforms-is-recaptcha wpforms-is-recaptcha-type-v2\" ><div class=\"g-recaptcha\" data-sitekey=\"6LfQjqggAAAAALzhbNqTiO-8rnsCczT027GXag55\"><\/div><input type=\"text\" name=\"g-recaptcha-hidden\" class=\"wpforms-recaptcha-hidden\" style=\"position:absolute!important;clip:rect(0,0,0,0)!important;height:1px!important;width:1px!important;border:0!important;overflow:hidden!important;padding:0!important;margin:0!important;\" data-rule-recaptcha=\"1\"><\/div><div class=\"wpforms-submit-container\" ><input type=\"hidden\" name=\"wpforms[id]\" value=\"1045\"><input type=\"hidden\" name=\"page_title\" value=\"\"><input type=\"hidden\" name=\"page_url\" value=\"http:\/\/vogtknives.com\/en\/wp-json\/wp\/v2\/pages\/1040\"><input type=\"hidden\" name=\"url_referer\" value=\"\"><button type=\"submit\" name=\"wpforms[submit]\" id=\"wpforms-submit-1045\" class=\"wpforms-submit\" data-alt-text=\"Enviando...\" data-submit-text=\"Enviar\" aria-live=\"assertive\" value=\"wpforms-submit\">Enviar<\/button><img decoding=\"async\" src=\"http:\/\/vogtknives.com\/wp-content\/plugins\/wpforms-lite\/assets\/images\/submit-spin.svg\" class=\"wpforms-submit-spinner\" style=\"display: none;\" width=\"26\" height=\"26\" alt=\"Loading\"><\/div><\/form><\/div>  <!-- .wpforms-container -->\t\t\t\t<\/div>\n\t\t\t\t<\/div>\n\t\t\t\t\t<\/div>\n\t\t<\/div>\n\t\t\t\t\t<\/div>\n\t\t<\/section>\n\t\t\t\t<\/div>\n\t\t","protected":false},"excerpt":{"rendered":"<p>Por el momento, debido al volumen de trabajo, la lista de pedidos est\u00e1 cerrada.Por cualquier consulta o comentario, por favor comun\u00edquese a trav\u00e9s del formulario: javi_lp@hotmail.com Facebook Instagram<\/p>","protected":false},"author":2,"featured_media":0,"parent":0,"menu_order":0,"comment_status":"closed","ping_status":"closed","template":"","meta":{"zakra_page_container_layout":"contained","zakra_page_sidebar_layout":"no_sidebar","zakra_remove_content_margin":false,"zakra_sidebar":"customizer","zakra_transparent_header":"customizer","zakra_logo":0,"zakra_main_header_style":"default","zakra_menu_item_color":"","zakra_menu_item_hover_color":"","zakra_menu_item_active_color":"","zakra_menu_active_style":"","zakra_page_header":true,"footnotes":""},"class_list":["post-1040","page","type-page","status-publish","hentry"],"yoast_head":"<!-- This site is optimized with the Yoast SEO plugin v27.5 - https:\/\/yoast.com\/product\/yoast-seo-wordpress\/ -->\n<title>Contacto - Vogt Knives<\/title>\n<meta name=\"robots\" content=\"index, follow, max-snippet:-1, max-image-preview:large, max-video-preview:-1\" \/>\n<link rel=\"canonical\" href=\"http:\/\/vogtknives.com\/en\/contacto\/\" \/>\n<meta property=\"og:locale\" content=\"en_US\" \/>\n<meta property=\"og:type\" content=\"article\" \/>\n<meta property=\"og:title\" content=\"Contacto - Vogt Knives\" \/>\n<meta property=\"og:description\" content=\"Por el momento, debido al volumen de trabajo, la lista de pedidos est\u00e1 cerrada.Por cualquier consulta o comentario, por favor comun\u00edquese a trav\u00e9s del formulario: javi_lp@hotmail.com Facebook Instagram\" \/>\n<meta property=\"og:url\" content=\"http:\/\/vogtknives.com\/en\/contacto\/\" \/>\n<meta property=\"og:site_name\" content=\"Vogt Knives\" \/>\n<meta property=\"article:publisher\" content=\"https:\/\/www.facebook.com\/profile.php?id=100006143943648\" \/>\n<meta property=\"article:modified_time\" content=\"2022-06-28T13:33:20+00:00\" \/>\n<meta property=\"og:image\" content=\"http:\/\/vogtknives.com\/wp-content\/uploads\/2022\/06\/logo-vogt.png\" \/>\n\t<meta property=\"og:image:width\" content=\"250\" \/>\n\t<meta property=\"og:image:height\" content=\"91\" \/>\n\t<meta property=\"og:image:type\" content=\"image\/png\" \/>\n<meta name=\"twitter:card\" content=\"summary_large_image\" \/>\n<script type=\"application\/ld+json\" class=\"yoast-schema-graph\">{\"@context\":\"https:\\\/\\\/schema.org\",\"@graph\":[{\"@type\":\"WebPage\",\"@id\":\"http:\\\/\\\/vogtknives.com\\\/contacto\\\/\",\"url\":\"http:\\\/\\\/vogtknives.com\\\/contacto\\\/\",\"name\":\"Contacto - Vogt Knives\",\"isPartOf\":{\"@id\":\"http:\\\/\\\/vogtknives.com\\\/#website\"},\"datePublished\":\"2022-06-28T12:56:41+00:00\",\"dateModified\":\"2022-06-28T13:33:20+00:00\",\"breadcrumb\":{\"@id\":\"http:\\\/\\\/vogtknives.com\\\/contacto\\\/#breadcrumb\"},\"inLanguage\":\"en-US\",\"potentialAction\":[{\"@type\":\"ReadAction\",\"target\":[\"http:\\\/\\\/vogtknives.com\\\/contacto\\\/\"]}]},{\"@type\":\"BreadcrumbList\",\"@id\":\"http:\\\/\\\/vogtknives.com\\\/contacto\\\/#breadcrumb\",\"itemListElement\":[{\"@type\":\"ListItem\",\"position\":1,\"name\":\"Portada\",\"item\":\"http:\\\/\\\/vogtknives.com\\\/\"},{\"@type\":\"ListItem\",\"position\":2,\"name\":\"Contacto\"}]},{\"@type\":\"WebSite\",\"@id\":\"http:\\\/\\\/vogtknives.com\\\/#website\",\"url\":\"http:\\\/\\\/vogtknives.com\\\/\",\"name\":\"Vogt Knives\",\"description\":\"Custom Knives\",\"publisher\":{\"@id\":\"http:\\\/\\\/vogtknives.com\\\/#organization\"},\"potentialAction\":[{\"@type\":\"SearchAction\",\"target\":{\"@type\":\"EntryPoint\",\"urlTemplate\":\"http:\\\/\\\/vogtknives.com\\\/?s={search_term_string}\"},\"query-input\":{\"@type\":\"PropertyValueSpecification\",\"valueRequired\":true,\"valueName\":\"search_term_string\"}}],\"inLanguage\":\"en-US\"},{\"@type\":\"Organization\",\"@id\":\"http:\\\/\\\/vogtknives.com\\\/#organization\",\"name\":\"Vogt Knives\",\"url\":\"http:\\\/\\\/vogtknives.com\\\/\",\"logo\":{\"@type\":\"ImageObject\",\"inLanguage\":\"en-US\",\"@id\":\"http:\\\/\\\/vogtknives.com\\\/#\\\/schema\\\/logo\\\/image\\\/\",\"url\":\"http:\\\/\\\/vogtknives.com\\\/wp-content\\\/uploads\\\/2022\\\/06\\\/logo-vogt.png\",\"contentUrl\":\"http:\\\/\\\/vogtknives.com\\\/wp-content\\\/uploads\\\/2022\\\/06\\\/logo-vogt.png\",\"width\":250,\"height\":91,\"caption\":\"Vogt Knives\"},\"image\":{\"@id\":\"http:\\\/\\\/vogtknives.com\\\/#\\\/schema\\\/logo\\\/image\\\/\"},\"sameAs\":[\"https:\\\/\\\/www.facebook.com\\\/profile.php?id=100006143943648\"]}]}<\/script>\n<!-- \/ Yoast SEO plugin. -->","yoast_head_json":{"title":"Contacto - Vogt Knives","robots":{"index":"index","follow":"follow","max-snippet":"max-snippet:-1","max-image-preview":"max-image-preview:large","max-video-preview":"max-video-preview:-1"},"canonical":"http:\/\/vogtknives.com\/en\/contacto\/","og_locale":"en_US","og_type":"article","og_title":"Contacto - Vogt Knives","og_description":"Por el momento, debido al volumen de trabajo, la lista de pedidos est\u00e1 cerrada.Por cualquier consulta o comentario, por favor comun\u00edquese a trav\u00e9s del formulario: javi_lp@hotmail.com Facebook Instagram","og_url":"http:\/\/vogtknives.com\/en\/contacto\/","og_site_name":"Vogt Knives","article_publisher":"https:\/\/www.facebook.com\/profile.php?id=100006143943648","article_modified_time":"2022-06-28T13:33:20+00:00","og_image":[{"width":250,"height":91,"url":"http:\/\/vogtknives.com\/wp-content\/uploads\/2022\/06\/logo-vogt.png","type":"image\/png"}],"twitter_card":"summary_large_image","schema":{"@context":"https:\/\/schema.org","@graph":[{"@type":"WebPage","@id":"http:\/\/vogtknives.com\/contacto\/","url":"http:\/\/vogtknives.com\/contacto\/","name":"Contacto - Vogt Knives","isPartOf":{"@id":"http:\/\/vogtknives.com\/#website"},"datePublished":"2022-06-28T12:56:41+00:00","dateModified":"2022-06-28T13:33:20+00:00","breadcrumb":{"@id":"http:\/\/vogtknives.com\/contacto\/#breadcrumb"},"inLanguage":"en-US","potentialAction":[{"@type":"ReadAction","target":["http:\/\/vogtknives.com\/contacto\/"]}]},{"@type":"BreadcrumbList","@id":"http:\/\/vogtknives.com\/contacto\/#breadcrumb","itemListElement":[{"@type":"ListItem","position":1,"name":"Portada","item":"http:\/\/vogtknives.com\/"},{"@type":"ListItem","position":2,"name":"Contacto"}]},{"@type":"WebSite","@id":"http:\/\/vogtknives.com\/#website","url":"http:\/\/vogtknives.com\/","name":"Vogt Knives","description":"Custom Knives","publisher":{"@id":"http:\/\/vogtknives.com\/#organization"},"potentialAction":[{"@type":"SearchAction","target":{"@type":"EntryPoint","urlTemplate":"http:\/\/vogtknives.com\/?s={search_term_string}"},"query-input":{"@type":"PropertyValueSpecification","valueRequired":true,"valueName":"search_term_string"}}],"inLanguage":"en-US"},{"@type":"Organization","@id":"http:\/\/vogtknives.com\/#organization","name":"Vogt Knives","url":"http:\/\/vogtknives.com\/","logo":{"@type":"ImageObject","inLanguage":"en-US","@id":"http:\/\/vogtknives.com\/#\/schema\/logo\/image\/","url":"http:\/\/vogtknives.com\/wp-content\/uploads\/2022\/06\/logo-vogt.png","contentUrl":"http:\/\/vogtknives.com\/wp-content\/uploads\/2022\/06\/logo-vogt.png","width":250,"height":91,"caption":"Vogt Knives"},"image":{"@id":"http:\/\/vogtknives.com\/#\/schema\/logo\/image\/"},"sameAs":["https:\/\/www.facebook.com\/profile.php?id=100006143943648"]}]}},"_links":{"self":[{"href":"http:\/\/vogtknives.com\/en\/wp-json\/wp\/v2\/pages\/1040","targetHints":{"allow":["GET"]}}],"collection":[{"href":"http:\/\/vogtknives.com\/en\/wp-json\/wp\/v2\/pages"}],"about":[{"href":"http:\/\/vogtknives.com\/en\/wp-json\/wp\/v2\/types\/page"}],"author":[{"embeddable":true,"href":"http:\/\/vogtknives.com\/en\/wp-json\/wp\/v2\/users\/2"}],"replies":[{"embeddable":true,"href":"http:\/\/vogtknives.com\/en\/wp-json\/wp\/v2\/comments?post=1040"}],"version-history":[{"count":19,"href":"http:\/\/vogtknives.com\/en\/wp-json\/wp\/v2\/pages\/1040\/revisions"}],"predecessor-version":[{"id":1064,"href":"http:\/\/vogtknives.com\/en\/wp-json\/wp\/v2\/pages\/1040\/revisions\/1064"}],"wp:attachment":[{"href":"http:\/\/vogtknives.com\/en\/wp-json\/wp\/v2\/media?parent=1040"}],"curies":[{"name":"wp","href":"https:\/\/api.w.org\/{rel}","templated":true}]}}